{"id":988930,"date":"2023-10-27T10:41:48","date_gmt":"2023-10-27T16:41:48","guid":{"rendered":"https:\/\/deluxemediaservices.com\/servicios\/"},"modified":"2025-08-18T15:17:06","modified_gmt":"2025-08-18T21:17:06","slug":"servicios","status":"publish","type":"page","link":"https:\/\/deluxemediaservices.com\/es\/servicios\/","title":{"rendered":"Servicios"},"content":{"rendered":"\t\t<div data-elementor-type=\"wp-page\" data-elementor-id=\"988930\" class=\"elementor elementor-988930 elementor-1230\" data-elementor-post-type=\"page\">\n\t\t\t\t<div class=\"elementor-element elementor-element-067c510 e-flex e-con-boxed e-con e-parent\" data-id=\"067c510\" data-element_type=\"container\">\n\t\t\t\t\t<div class=\"e-con-inner\">\n\t\t<div class=\"elementor-element elementor-element-555690c e-con-full e-flex e-con e-child\" data-id=\"555690c\" data-element_type=\"container\">\n\t\t\t\t<div class=\"vamtam-has-theme-widget-styles elementor-element elementor-element-d432850 elementor-widget elementor-widget-heading\" data-id=\"d432850\" data-element_type=\"widget\" data-widget_type=\"heading.default\">\n\t\t\t\t\t<h6 class=\"elementor-heading-title elementor-size-default\">Nuestras capacidades<\/h6>\t\t\t\t<\/div>\n\t\t\t\t<\/div>\n\t\t<div class=\"elementor-element elementor-element-ea6144d e-con-full e-flex e-con e-child\" data-id=\"ea6144d\" data-element_type=\"container\">\n\t\t<div class=\"elementor-element elementor-element-1239785 e-con-full e-flex e-con e-child\" data-id=\"1239785\" data-element_type=\"container\">\n\t\t\t\t<div class=\"elementor-element elementor-element-60cc313 elementor-invisible elementor-widget elementor-widget-image\" data-id=\"60cc313\" data-element_type=\"widget\" data-settings=\"{&quot;_animation&quot;:&quot;zoomIn&quot;,&quot;_animation_tablet&quot;:&quot;none&quot;}\" data-widget_type=\"image.default\">\n\t\t\t\t\t\t\t\t\t\t\t\t\t\t\t\t<a href=\"https:\/\/deluxemediaservices.com\/es\/servicios\/#design\">\n\t\t\t\t\t\t\t<img decoding=\"async\" width=\"73\" height=\"70\" src=\"https:\/\/deluxemediaservices.com\/wp-content\/uploads\/2023\/10\/GettyImages-1456747446-1-1.svg\" class=\"attachment-full size-full wp-image-987920\" alt=\"\" \/>\t\t\t\t\t\t\t\t<\/a>\n\t\t\t\t\t\t\t\t\t\t\t\t\t\t\t<\/div>\n\t\t\t\t<div class=\"elementor-element elementor-element-88e8e3f elementor-widget elementor-widget-spacer\" data-id=\"88e8e3f\" data-element_type=\"widget\" data-widget_type=\"spacer.default\">\n\t\t\t\t\t\t\t<div class=\"elementor-spacer\">\n\t\t\t<div class=\"elementor-spacer-inner\"><\/div>\n\t\t<\/div>\n\t\t\t\t\t\t<\/div>\n\t\t\t\t<div class=\"vamtam-has-theme-widget-styles elementor-element elementor-element-3680a5b elementor-widget elementor-widget-heading\" data-id=\"3680a5b\" data-element_type=\"widget\" data-widget_type=\"heading.default\">\n\t\t\t\t\t<h3 class=\"elementor-heading-title elementor-size-default\"><a href=\"https:\/\/deluxemediaservices.com\/es\/servicios\/#design\">Dise\u00f1o premiado<\/a><\/h3>\t\t\t\t<\/div>\n\t\t\t\t<div class=\"elementor-element elementor-element-1d9ac14 elementor-widget elementor-widget-text-editor\" data-id=\"1d9ac14\" data-element_type=\"widget\" data-widget_type=\"text-editor.default\">\n\t\t\t\t\t\t\t\t\t<p>Desde la concepci\u00f3n de la identidad de tu marca hasta la creaci\u00f3n de logotipos y \u27a4 <b>envases<\/b> convincentes, nuestros servicios integrales abarcan \u27a4 <b>Direcci\u00f3n art\u00edstica<\/b>, \u27a4 <b>Directrices de marca<\/b>, \u27a4 <b>Logotipo y marca comercial<\/b> y \u27a4 Soluciones de <b>identidad de marca <\/b>.<\/p>\t\t\t\t\t\t\t\t<\/div>\n\t\t\t\t<\/div>\n\t\t<div class=\"elementor-element elementor-element-26ee6e1 e-con-full e-flex e-con e-child\" data-id=\"26ee6e1\" data-element_type=\"container\">\n\t\t\t\t<div class=\"elementor-element elementor-element-fec1038 elementor-invisible elementor-widget elementor-widget-image\" data-id=\"fec1038\" data-element_type=\"widget\" data-settings=\"{&quot;_animation&quot;:&quot;zoomIn&quot;,&quot;_animation_tablet&quot;:&quot;none&quot;}\" data-widget_type=\"image.default\">\n\t\t\t\t\t\t\t\t\t\t\t\t\t\t\t\t<a href=\"https:\/\/deluxemediaservices.com\/es\/servicios\/#strategy\">\n\t\t\t\t\t\t\t<img decoding=\"async\" width=\"76\" height=\"76\" src=\"https:\/\/deluxemediaservices.com\/wp-content\/uploads\/2023\/10\/GettyImages-1456747446-2.svg\" class=\"attachment-full size-full wp-image-987919\" alt=\"\" \/>\t\t\t\t\t\t\t\t<\/a>\n\t\t\t\t\t\t\t\t\t\t\t\t\t\t\t<\/div>\n\t\t\t\t<div class=\"elementor-element elementor-element-2d77a1e elementor-widget elementor-widget-spacer\" data-id=\"2d77a1e\" data-element_type=\"widget\" data-widget_type=\"spacer.default\">\n\t\t\t\t\t\t\t<div class=\"elementor-spacer\">\n\t\t\t<div class=\"elementor-spacer-inner\"><\/div>\n\t\t<\/div>\n\t\t\t\t\t\t<\/div>\n\t\t\t\t<div class=\"vamtam-has-theme-widget-styles elementor-element elementor-element-b2edc2c elementor-widget elementor-widget-heading\" data-id=\"b2edc2c\" data-element_type=\"widget\" data-widget_type=\"heading.default\">\n\t\t\t\t\t<h3 class=\"elementor-heading-title elementor-size-default\"><a href=\"https:\/\/deluxemediaservices.com\/es\/servicios\/#strategy\">Estrategia de marca<\/a><\/h3>\t\t\t\t<\/div>\n\t\t\t\t<div class=\"elementor-element elementor-element-7287cfd elementor-widget elementor-widget-text-editor\" data-id=\"7287cfd\" data-element_type=\"widget\" data-widget_type=\"text-editor.default\">\n\t\t\t\t\t\t\t\t\t<p>La estrategia de marca es el proyecto de c\u00f3mo una empresa se presenta al mundo. Una estrategia bien elaborada sienta las \u27a4 <b>bases<\/b> para experiencias de marca coherentes que resuenen con el p\u00fablico objetivo.<\/p>\t\t\t\t\t\t\t\t<\/div>\n\t\t\t\t<\/div>\n\t\t<div class=\"elementor-element elementor-element-b671b2e e-con-full e-flex e-con e-child\" data-id=\"b671b2e\" data-element_type=\"container\">\n\t\t\t\t<div class=\"elementor-element elementor-element-2ed04dd elementor-invisible elementor-widget elementor-widget-image\" data-id=\"2ed04dd\" data-element_type=\"widget\" data-settings=\"{&quot;_animation&quot;:&quot;zoomIn&quot;,&quot;_animation_tablet&quot;:&quot;none&quot;}\" data-widget_type=\"image.default\">\n\t\t\t\t\t\t\t\t\t\t\t\t\t\t\t\t<a href=\"https:\/\/deluxemediaservices.com\/es\/servicios\/#marketing\">\n\t\t\t\t\t\t\t<img decoding=\"async\" width=\"68\" height=\"79\" src=\"https:\/\/deluxemediaservices.com\/wp-content\/uploads\/2023\/10\/GettyImages-1444653136.svg\" class=\"attachment-full size-full wp-image-987918\" alt=\"\" \/>\t\t\t\t\t\t\t\t<\/a>\n\t\t\t\t\t\t\t\t\t\t\t\t\t\t\t<\/div>\n\t\t\t\t<div class=\"elementor-element elementor-element-22462f7 elementor-widget elementor-widget-spacer\" data-id=\"22462f7\" data-element_type=\"widget\" data-widget_type=\"spacer.default\">\n\t\t\t\t\t\t\t<div class=\"elementor-spacer\">\n\t\t\t<div class=\"elementor-spacer-inner\"><\/div>\n\t\t<\/div>\n\t\t\t\t\t\t<\/div>\n\t\t\t\t<div class=\"vamtam-has-theme-widget-styles elementor-element elementor-element-9fd3172 elementor-widget elementor-widget-heading\" data-id=\"9fd3172\" data-element_type=\"widget\" data-widget_type=\"heading.default\">\n\t\t\t\t\t<h3 class=\"elementor-heading-title elementor-size-default\"><a href=\"https:\/\/deluxemediaservices.com\/es\/servicios\/#marketing\">Marketing probado <\/a><\/h3>\t\t\t\t<\/div>\n\t\t\t\t<div class=\"elementor-element elementor-element-b98dc40 elementor-widget elementor-widget-text-editor\" data-id=\"b98dc40\" data-element_type=\"widget\" data-widget_type=\"text-editor.default\">\n\t\t\t\t\t\t\t\t\t<p>Desde el cultivo de una atractiva \u27a4 presencia en los medios sociales hasta un preciso \u27a4 <b>marketing directo y de producto<\/b>, llegamos a tu \u27a4 <b>p\u00fablico objetivo<\/b> con convincentes \u27a4 estrategias de <b>creaci\u00f3n de contenidos<\/b>.<\/p>\t\t\t\t\t\t\t\t<\/div>\n\t\t\t\t<\/div>\n\t\t<div class=\"elementor-element elementor-element-3f55e23 e-con-full e-flex e-con e-child\" data-id=\"3f55e23\" data-element_type=\"container\">\n\t\t\t\t<div class=\"elementor-element elementor-element-64cd0fc elementor-invisible elementor-widget elementor-widget-image\" data-id=\"64cd0fc\" data-element_type=\"widget\" data-settings=\"{&quot;_animation&quot;:&quot;zoomIn&quot;,&quot;_animation_tablet&quot;:&quot;none&quot;}\" data-widget_type=\"image.default\">\n\t\t\t\t\t\t\t\t\t\t\t\t\t\t\t\t<a href=\"https:\/\/deluxemediaservices.com\/es\/servicios\/#development\">\n\t\t\t\t\t\t\t<img decoding=\"async\" src=\"https:\/\/pixelpiernyc.vamtam.com\/wp-content\/uploads\/2023\/10\/GettyImages-1207574548.svg\" title=\"\" alt=\"\" loading=\"lazy\" \/>\t\t\t\t\t\t\t\t<\/a>\n\t\t\t\t\t\t\t\t\t\t\t\t\t\t\t<\/div>\n\t\t\t\t<div class=\"elementor-element elementor-element-9bb7a18 elementor-widget elementor-widget-spacer\" data-id=\"9bb7a18\" data-element_type=\"widget\" data-widget_type=\"spacer.default\">\n\t\t\t\t\t\t\t<div class=\"elementor-spacer\">\n\t\t\t<div class=\"elementor-spacer-inner\"><\/div>\n\t\t<\/div>\n\t\t\t\t\t\t<\/div>\n\t\t\t\t<div class=\"vamtam-has-theme-widget-styles elementor-element elementor-element-69c8192 elementor-widget elementor-widget-heading\" data-id=\"69c8192\" data-element_type=\"widget\" data-widget_type=\"heading.default\">\n\t\t\t\t\t<h3 class=\"elementor-heading-title elementor-size-default\"><a href=\"https:\/\/deluxemediaservices.com\/es\/servicios\/#development\">Desarrollo a prueba de futuro<\/a><\/h3>\t\t\t\t<\/div>\n\t\t\t\t<div class=\"elementor-element elementor-element-191d89d elementor-widget elementor-widget-text-editor\" data-id=\"191d89d\" data-element_type=\"widget\" data-widget_type=\"text-editor.default\">\n\t\t\t\t\t\t\t\t\t<p>El desarrollo es el arte de crear \u27a4 <b>Sitios Web<\/b> y \u27a4 <b>P\u00e1ginas de Aterrizaje<\/b> din\u00e1micos, interactivos y f\u00e1ciles de usar. Se trata de crear experiencias digitales fluidas que cautiven al p\u00fablico en diversas plataformas.<\/p>\t\t\t\t\t\t\t\t<\/div>\n\t\t\t\t<\/div>\n\t\t\t\t<\/div>\n\t\t\t\t\t<\/div>\n\t\t\t\t<\/div>\n\t\t<div class=\"elementor-element elementor-element-0c16904 e-con-full e-flex elementor-invisible e-con e-parent\" data-id=\"0c16904\" data-element_type=\"container\" data-settings=\"{&quot;animation&quot;:&quot;fadeIn&quot;}\">\n\t\t<div class=\"elementor-element elementor-element-e687302 e-con-full e-flex e-con e-child\" data-id=\"e687302\" data-element_type=\"container\">\n\t\t\t\t<div class=\"elementor-element elementor-element-121e41f elementor-widget elementor-widget-image\" data-id=\"121e41f\" data-element_type=\"widget\" data-widget_type=\"image.default\">\n\t\t\t\t\t\t\t\t\t\t\t\t\t\t\t<img loading=\"lazy\" decoding=\"async\" width=\"683\" height=\"600\" src=\"https:\/\/deluxemediaservices.com\/wp-content\/uploads\/2025\/08\/Portada-Portafolio.png\" class=\"attachment-large size-large wp-image-989793\" alt=\"\" srcset=\"https:\/\/deluxemediaservices.com\/wp-content\/uploads\/2025\/08\/Portada-Portafolio.png 683w, https:\/\/deluxemediaservices.com\/wp-content\/uploads\/2025\/08\/Portada-Portafolio-300x264.png 300w\" sizes=\"(max-width: 683px) 100vw, 683px\" \/>\t\t\t\t\t\t\t\t\t\t\t\t\t\t\t<\/div>\n\t\t\t\t<\/div>\n\t\t<div class=\"elementor-element elementor-element-3c37f39 e-con-full e-flex e-con e-child\" data-id=\"3c37f39\" data-element_type=\"container\">\n\t\t\t\t<div class=\"vamtam-has-theme-widget-styles elementor-element elementor-element-aeb2a90 elementor-widget elementor-widget-heading\" data-id=\"aeb2a90\" data-element_type=\"widget\" data-widget_type=\"heading.default\">\n\t\t\t\t\t<h3 class=\"elementor-heading-title elementor-size-default\">Estrategia y creatividad aplicadas al trabajo con impacto real.<\/h3>\t\t\t\t<\/div>\n\t\t\t\t<div class=\"vamtam-has-theme-widget-styles elementor-element elementor-element-e9bcccf elementor-align-left elementor-widget elementor-widget-button\" data-id=\"e9bcccf\" data-element_type=\"widget\" data-widget_type=\"button.default\">\n\t\t\t\t\t\t\t\t\t\t<a class=\"elementor-button elementor-button-link elementor-size-sm\" href=\"https:\/\/deluxemediaservices.com\/es\/portafolio\/\" target=\"_blank\">\n\t\t\t\t\t\t<span class=\"elementor-button-content-wrapper\">\n\t\t\t\t\t\t<span class=\"elementor-button-icon\">\n\t\t\t\t<i aria-hidden=\"true\" class=\"vamtamtheme- vamtam-theme-arrow-right-top\"><\/i>\t\t\t<\/span>\n\t\t\t\t\t\t\t\t\t<span class=\"elementor-button-text\">Ver Proyectos Trabajo<\/span>\n\t\t\t\t\t<\/span>\n\t\t\t\t\t<\/a>\n\t\t\t\t\t\t\t\t<\/div>\n\t\t\t\t<div class=\"elementor-element elementor-element-5690de2 elementor-widget elementor-widget-spacer\" data-id=\"5690de2\" data-element_type=\"widget\" data-widget_type=\"spacer.default\">\n\t\t\t\t\t\t\t<div class=\"elementor-spacer\">\n\t\t\t<div class=\"elementor-spacer-inner\"><\/div>\n\t\t<\/div>\n\t\t\t\t\t\t<\/div>\n\t\t\t\t<div class=\"vamtam-has-theme-widget-styles elementor-element elementor-element-9cff044 elementor-widget__width-initial elementor-invisible elementor-widget elementor-widget-heading\" data-id=\"9cff044\" data-element_type=\"widget\" data-settings=\"{&quot;_animation&quot;:&quot;fadeInUp&quot;,&quot;_animation_delay&quot;:100,&quot;_animation_tablet&quot;:&quot;fadeIn&quot;}\" data-widget_type=\"heading.default\">\n\t\t\t\t\t<h2 class=\"elementor-heading-title elementor-size-default\">Nuestro mejor trabajo \ud83d\ude80<\/h2>\t\t\t\t<\/div>\n\t\t\t\t<div class=\"vamtam-has-theme-widget-styles elementor-element elementor-element-077c139 elementor-widget elementor-widget-heading\" data-id=\"077c139\" data-element_type=\"widget\" data-widget_type=\"heading.default\">\n\t\t\t\t\t<h3 class=\"elementor-heading-title elementor-size-default\">GLOBAL GT, S.A. Comercio electr\u00f3nico<\/h3>\t\t\t\t<\/div>\n\t\t\t\t<div class=\"elementor-element elementor-element-ed3bfae elementor-widget elementor-widget-text-editor\" data-id=\"ed3bfae\" data-element_type=\"widget\" data-widget_type=\"text-editor.default\">\n\t\t\t\t\t\t\t\t\t<p class=\"p1\">Una marca construida para inspirar confianza en un nuevo mercado digital, fusionando dise\u00f1o, tecnolog\u00eda y estrategia basada en datos para crear una experiencia de compra sin fisuras e impulsar un crecimiento sostenible.<i><\/i><\/p>\t\t\t\t\t\t\t\t<\/div>\n\t\t\t\t<div class=\"vamtam-has-theme-widget-styles elementor-element elementor-element-86cef4d elementor-align-left elementor-widget elementor-widget-button\" data-id=\"86cef4d\" data-element_type=\"widget\" data-widget_type=\"button.default\">\n\t\t\t\t\t\t\t\t\t\t<a class=\"elementor-button elementor-button-link elementor-size-sm\" href=\"https:\/\/deluxemediaservices.com\/es\/global-gt-s-a-ecommerce\/\" target=\"_blank\">\n\t\t\t\t\t\t<span class=\"elementor-button-content-wrapper\">\n\t\t\t\t\t\t<span class=\"elementor-button-icon\">\n\t\t\t\t<i aria-hidden=\"true\" class=\"vamtamtheme- vamtam-theme-arrow-right-top\"><\/i>\t\t\t<\/span>\n\t\t\t\t\t\t\t\t\t<span class=\"elementor-button-text\">Ver proyecto ahora<\/span>\n\t\t\t\t\t<\/span>\n\t\t\t\t\t<\/a>\n\t\t\t\t\t\t\t\t<\/div>\n\t\t\t\t<\/div>\n\t\t\t\t<\/div>\n\t\t\t\t<\/div>\n\t\t","protected":false},"excerpt":{"rendered":"<p>Un enfoque hol\u00edstico de principio a fin<\/p>\n","protected":false},"author":1,"featured_media":0,"parent":0,"menu_order":0,"comment_status":"closed","ping_status":"closed","template":"","meta":{"footnotes":""},"class_list":["post-988930","page","type-page","status-publish","hentry"],"_links":{"self":[{"href":"https:\/\/deluxemediaservices.com\/es\/wp-json\/wp\/v2\/pages\/988930","targetHints":{"allow":["GET"]}}],"collection":[{"href":"https:\/\/deluxemediaservices.com\/es\/wp-json\/wp\/v2\/pages"}],"about":[{"href":"https:\/\/deluxemediaservices.com\/es\/wp-json\/wp\/v2\/types\/page"}],"author":[{"embeddable":true,"href":"https:\/\/deluxemediaservices.com\/es\/wp-json\/wp\/v2\/users\/1"}],"replies":[{"embeddable":true,"href":"https:\/\/deluxemediaservices.com\/es\/wp-json\/wp\/v2\/comments?post=988930"}],"version-history":[{"count":8,"href":"https:\/\/deluxemediaservices.com\/es\/wp-json\/wp\/v2\/pages\/988930\/revisions"}],"predecessor-version":[{"id":989800,"href":"https:\/\/deluxemediaservices.com\/es\/wp-json\/wp\/v2\/pages\/988930\/revisions\/989800"}],"wp:attachment":[{"href":"https:\/\/deluxemediaservices.com\/es\/wp-json\/wp\/v2\/media?parent=988930"}],"curies":[{"name":"wp","href":"https:\/\/api.w.org\/{rel}","templated":true}]}}