{"id":989329,"date":"2023-11-10T08:17:17","date_gmt":"2023-11-10T14:17:17","guid":{"rendered":"https:\/\/deluxemediaservices.com\/acerca-de\/"},"modified":"2025-08-24T22:10:20","modified_gmt":"2025-08-25T04:10:20","slug":"acerca-de","status":"publish","type":"page","link":"https:\/\/deluxemediaservices.com\/es\/acerca-de\/","title":{"rendered":"Acerca de"},"content":{"rendered":"\t\t<div data-elementor-type=\"wp-page\" data-elementor-id=\"989329\" class=\"elementor elementor-989329 elementor-1467\" data-elementor-post-type=\"page\">\n\t\t\t\t<div class=\"elementor-element elementor-element-6501c88 e-flex e-con-boxed e-con e-parent\" data-id=\"6501c88\" data-element_type=\"container\">\n\t\t\t\t\t<div class=\"e-con-inner\">\n\t\t<div class=\"elementor-element elementor-element-dc3e336 e-con-full e-flex e-con e-child\" data-id=\"dc3e336\" data-element_type=\"container\">\n\t\t\t\t<\/div>\n\t\t<div class=\"elementor-element elementor-element-e1cc632 e-con-full e-flex e-con e-child\" data-id=\"e1cc632\" data-element_type=\"container\">\n\t\t\t\t<div class=\"vamtam-has-theme-widget-styles elementor-element elementor-element-f787d54 elementor-widget elementor-widget-heading\" data-id=\"f787d54\" data-element_type=\"widget\" data-settings=\"{&quot;motion_fx_motion_fx_scrolling&quot;:&quot;yes&quot;,&quot;motion_fx_devices&quot;:[&quot;desktop&quot;,&quot;tablet&quot;,&quot;mobile&quot;]}\" data-widget_type=\"heading.default\">\n\t\t\t\t\t<h3 class=\"elementor-heading-title elementor-size-default\">En Deluxe Media Services LLC, nuestra misi\u00f3n es potenciar las marcas mediante soluciones de marketing integrales y basadas en datos. Combinamos enfoques anal\u00edticos rigurosos con creatividad estrat\u00e9gica para ofrecer un valor tangible y sostenible a nuestros clientes.  <\/h3>\t\t\t\t<\/div>\n\t\t\t\t<div class=\"elementor-element elementor-element-6e846f2 elementor-widget elementor-widget-spacer\" data-id=\"6e846f2\" data-element_type=\"widget\" data-widget_type=\"spacer.default\">\n\t\t\t\t\t\t\t<div class=\"elementor-spacer\">\n\t\t\t<div class=\"elementor-spacer-inner\"><\/div>\n\t\t<\/div>\n\t\t\t\t\t\t<\/div>\n\t\t\t\t<div class=\"vamtam-has-theme-widget-styles elementor-element elementor-element-1a72919 elementor-widget elementor-widget-heading\" data-id=\"1a72919\" data-element_type=\"widget\" data-settings=\"{&quot;motion_fx_motion_fx_scrolling&quot;:&quot;yes&quot;,&quot;motion_fx_devices&quot;:[&quot;desktop&quot;,&quot;tablet&quot;,&quot;mobile&quot;]}\" data-widget_type=\"heading.default\">\n\t\t\t\t\t<h3 class=\"elementor-heading-title elementor-size-default\">Nuestra cultura corporativa se basa en la \u00e9tica, la transparencia y la b\u00fasqueda incesante de la excelencia, garantizando que cada proyecto contribuya al crecimiento y la rentabilidad de las empresas a las que servimos.<\/h3>\t\t\t\t<\/div>\n\t\t\t\t<\/div>\n\t\t\t\t\t<\/div>\n\t\t\t\t<\/div>\n\t\t<div class=\"elementor-element elementor-element-b63c8b9 e-flex e-con-boxed e-con e-parent\" data-id=\"b63c8b9\" data-element_type=\"container\">\n\t\t\t\t\t<div class=\"e-con-inner\">\n\t\t<div class=\"elementor-element elementor-element-7bdab9f e-con-full e-flex e-con e-child\" data-id=\"7bdab9f\" data-element_type=\"container\">\n\t\t\t\t<div class=\"vamtam-has-theme-widget-styles elementor-element elementor-element-084b698 elementor-widget elementor-widget-heading\" data-id=\"084b698\" data-element_type=\"widget\" data-widget_type=\"heading.default\">\n\t\t\t\t\t<h6 class=\"elementor-heading-title elementor-size-default\">Por qu\u00e9 nosotros<\/h6>\t\t\t\t<\/div>\n\t\t\t\t<div class=\"vamtam-has-theme-widget-styles elementor-element elementor-element-81891b4 elementor-widget elementor-widget-heading\" data-id=\"81891b4\" data-element_type=\"widget\" data-widget_type=\"heading.default\">\n\t\t\t\t\t<h3 class=\"elementor-heading-title elementor-size-default\">Innovaci\u00f3n constante<\/h3>\t\t\t\t<\/div>\n\t\t\t\t<div class=\"elementor-element elementor-element-0a2db20 elementor-widget elementor-widget-text-editor\" data-id=\"0a2db20\" data-element_type=\"widget\" data-widget_type=\"text-editor.default\">\n\t\t\t\t\t\t\t\t\t<p class=\"p1\">En Deluxe Media Services LLC, entendemos que el mercado digital evoluciona r\u00e1pidamente. Por eso mantenemos un enfoque proactivo a la hora de adoptar nuevas tecnolog\u00edas y tendencias, garantizando que nuestras estrategias no s\u00f3lo sean eficaces hoy, sino que tambi\u00e9n se anticipen y adapten a los cambios futuros. Esta mentalidad innovadora nos permite ofrecer soluciones din\u00e1micas que mantienen a nuestros clientes un paso por delante en sus sectores.<\/p>\t\t\t\t\t\t\t\t<\/div>\n\t\t\t\t<\/div>\n\t\t<div class=\"elementor-element elementor-element-1aad62d e-con-full e-flex e-con e-child\" data-id=\"1aad62d\" data-element_type=\"container\">\n\t\t\t\t<div class=\"elementor-element elementor-element-6339160 elementor-widget elementor-widget-image\" data-id=\"6339160\" data-element_type=\"widget\" data-settings=\"{&quot;motion_fx_motion_fx_scrolling&quot;:&quot;yes&quot;,&quot;motion_fx_blur_level&quot;:{&quot;unit&quot;:&quot;px&quot;,&quot;size&quot;:15,&quot;sizes&quot;:[]},&quot;motion_fx_blur_range&quot;:{&quot;unit&quot;:&quot;%&quot;,&quot;size&quot;:&quot;&quot;,&quot;sizes&quot;:{&quot;start&quot;:19,&quot;end&quot;:30}},&quot;motion_fx_scale_effect&quot;:&quot;yes&quot;,&quot;motion_fx_scale_speed&quot;:{&quot;unit&quot;:&quot;px&quot;,&quot;size&quot;:2,&quot;sizes&quot;:[]},&quot;motion_fx_scale_range&quot;:{&quot;unit&quot;:&quot;%&quot;,&quot;size&quot;:&quot;&quot;,&quot;sizes&quot;:{&quot;start&quot;:10,&quot;end&quot;:76}},&quot;motion_fx_devices&quot;:[&quot;desktop&quot;],&quot;motion_fx_opacity_effect&quot;:&quot;yes&quot;,&quot;motion_fx_opacity_range&quot;:{&quot;unit&quot;:&quot;%&quot;,&quot;size&quot;:&quot;&quot;,&quot;sizes&quot;:{&quot;start&quot;:6,&quot;end&quot;:30}},&quot;motion_fx_blur_effect&quot;:&quot;yes&quot;,&quot;motion_fx_opacity_direction&quot;:&quot;out-in&quot;,&quot;motion_fx_opacity_level&quot;:{&quot;unit&quot;:&quot;px&quot;,&quot;size&quot;:10,&quot;sizes&quot;:[]},&quot;motion_fx_blur_direction&quot;:&quot;out-in&quot;,&quot;motion_fx_scale_direction&quot;:&quot;out-in&quot;}\" data-widget_type=\"image.default\">\n\t\t\t\t\t\t\t\t\t\t\t\t\t\t\t<img decoding=\"async\" src=\"https:\/\/pixelpiernyc.vamtam.com\/wp-content\/uploads\/2023\/10\/blur-spot.png\" title=\"\" alt=\"\" loading=\"lazy\" \/>\t\t\t\t\t\t\t\t\t\t\t\t\t\t\t<\/div>\n\t\t\t\t<\/div>\n\t\t<div class=\"elementor-element elementor-element-f38560c e-con-full e-flex e-con e-child\" data-id=\"f38560c\" data-element_type=\"container\">\n\t\t\t\t<div class=\"vamtam-has-theme-widget-styles elementor-element elementor-element-95be6c2 elementor-widget elementor-widget-heading\" data-id=\"95be6c2\" data-element_type=\"widget\" data-widget_type=\"heading.default\">\n\t\t\t\t\t<h3 class=\"elementor-heading-title elementor-size-default\">Enfoque centrado en el cliente<\/h3>\t\t\t\t<\/div>\n\t\t\t\t<div class=\"elementor-element elementor-element-5dd7c9b elementor-widget elementor-widget-text-editor\" data-id=\"5dd7c9b\" data-element_type=\"widget\" data-widget_type=\"text-editor.default\">\n\t\t\t\t\t\t\t\t\t<p class=\"p1\">Nuestro compromiso es comprender en profundidad las necesidades y objetivos de cada cliente para dise\u00f1ar estrategias personalizadas que impulsen un crecimiento sostenible. Fomentamos una comunicaci\u00f3n abierta y continua, garantizando que cada paso del proyecto refleje tus expectativas y que los resultados superen tus objetivos. En Deluxe Media Services LLC, tu \u00e9xito es nuestra prioridad.  <\/p>\t\t\t\t\t\t\t\t<\/div>\n\t\t\t\t<\/div>\n\t\t\t\t\t<\/div>\n\t\t\t\t<\/div>\n\t\t<div class=\"elementor-element elementor-element-2e4d40e e-flex e-con-boxed e-con e-parent\" data-id=\"2e4d40e\" data-element_type=\"container\">\n\t\t\t\t\t<div class=\"e-con-inner\">\n\t\t<div class=\"elementor-element elementor-element-cd15e02 e-con-full e-flex e-con e-child\" data-id=\"cd15e02\" data-element_type=\"container\">\n\t\t\t\t<div class=\"vamtam-has-theme-widget-styles elementor-element elementor-element-41c05d4 elementor-widget elementor-widget-heading\" data-id=\"41c05d4\" data-element_type=\"widget\" data-widget_type=\"heading.default\">\n\t\t\t\t\t<h6 class=\"elementor-heading-title elementor-size-default\">Nuestras creencias<\/h6>\t\t\t\t<\/div>\n\t\t\t\t<\/div>\n\t\t<div class=\"elementor-element elementor-element-b89c9c6 e-con-full e-flex e-con e-child\" data-id=\"b89c9c6\" data-element_type=\"container\">\n\t\t\t\t<div class=\"vamtam-has-theme-widget-styles elementor-element elementor-element-e14eee3 elementor-widget elementor-widget-heading\" data-id=\"e14eee3\" data-element_type=\"widget\" data-settings=\"{&quot;motion_fx_motion_fx_scrolling&quot;:&quot;yes&quot;,&quot;motion_fx_devices&quot;:[&quot;desktop&quot;,&quot;tablet&quot;,&quot;mobile&quot;]}\" data-widget_type=\"heading.default\">\n\t\t\t\t\t<h3 class=\"elementor-heading-title elementor-size-default\">Combinamos experiencia, innovaci\u00f3n y un compromiso inquebrantable con la transparencia para ofrecer soluciones de marketing que generen resultados tangibles y sostenibles. Nuestra misi\u00f3n es ser un socio estrat\u00e9gico de confianza, apoyando a cada cliente en su camino hacia el crecimiento y la excelencia, adapt\u00e1ndonos continuamente a sus necesidades y al din\u00e1mico panorama digital. <\/h3>\t\t\t\t<\/div>\n\t\t\t\t<\/div>\n\t\t\t\t\t<\/div>\n\t\t\t\t<\/div>\n\t\t\t\t<\/div>\n\t\t","protected":false},"excerpt":{"rendered":"<p>Impulsar el crecimiento mediante el marketing<\/p>\n","protected":false},"author":1,"featured_media":0,"parent":0,"menu_order":0,"comment_status":"closed","ping_status":"closed","template":"elementor_theme","meta":{"footnotes":""},"class_list":["post-989329","page","type-page","status-publish","hentry"],"_links":{"self":[{"href":"https:\/\/deluxemediaservices.com\/es\/wp-json\/wp\/v2\/pages\/989329","targetHints":{"allow":["GET"]}}],"collection":[{"href":"https:\/\/deluxemediaservices.com\/es\/wp-json\/wp\/v2\/pages"}],"about":[{"href":"https:\/\/deluxemediaservices.com\/es\/wp-json\/wp\/v2\/types\/page"}],"author":[{"embeddable":true,"href":"https:\/\/deluxemediaservices.com\/es\/wp-json\/wp\/v2\/users\/1"}],"replies":[{"embeddable":true,"href":"https:\/\/deluxemediaservices.com\/es\/wp-json\/wp\/v2\/comments?post=989329"}],"version-history":[{"count":4,"href":"https:\/\/deluxemediaservices.com\/es\/wp-json\/wp\/v2\/pages\/989329\/revisions"}],"predecessor-version":[{"id":989995,"href":"https:\/\/deluxemediaservices.com\/es\/wp-json\/wp\/v2\/pages\/989329\/revisions\/989995"}],"wp:attachment":[{"href":"https:\/\/deluxemediaservices.com\/es\/wp-json\/wp\/v2\/media?parent=989329"}],"curies":[{"name":"wp","href":"https:\/\/api.w.org\/{rel}","templated":true}]}}