{"id":989331,"date":"2023-10-26T17:23:25","date_gmt":"2023-10-26T23:23:25","guid":{"rendered":"https:\/\/deluxemediaservices.com\/ponte-en-contacto-con\/"},"modified":"2025-11-17T16:33:35","modified_gmt":"2025-11-17T22:33:35","slug":"contacto","status":"publish","type":"page","link":"https:\/\/deluxemediaservices.com\/es\/contacto\/","title":{"rendered":"Cont\u00e1ctanos"},"content":{"rendered":"\t\t<div data-elementor-type=\"wp-page\" data-elementor-id=\"989331\" class=\"elementor elementor-989331 elementor-1053\" data-elementor-post-type=\"page\">\n\t\t\t\t<div class=\"elementor-element elementor-element-3770933 e-flex e-con-boxed e-con e-parent\" data-id=\"3770933\" data-element_type=\"container\">\n\t\t\t\t\t<div class=\"e-con-inner\">\n\t\t<div class=\"elementor-element elementor-element-65d49ee e-con-full e-flex e-con e-child\" data-id=\"65d49ee\" data-element_type=\"container\" data-settings=\"{&quot;background_background&quot;:&quot;classic&quot;}\">\n\t\t\t\t<div class=\"vamtam-has-theme-widget-styles elementor-element elementor-element-1cefbfc elementor-widget__width-inherit elementor-widget elementor-widget-heading\" data-id=\"1cefbfc\" data-element_type=\"widget\" data-widget_type=\"heading.default\">\n\t\t\t\t\t<h4 class=\"elementor-heading-title elementor-size-default\">Hablemos de tu proyecto - Estamos aqu\u00ed para ayudarte, sin compromiso<\/h4>\t\t\t\t<\/div>\n\t\t\t\t<div class=\"elementor-element elementor-element-9c91b07 elementor-widget elementor-widget-text-editor\" data-id=\"9c91b07\" data-element_type=\"widget\" data-widget_type=\"text-editor.default\">\n\t\t\t\t\t\t\t\t\t<p class=\"p1\">Rellena el formulario y un asesor se pondr\u00e1 en contacto contigo para ofrecerte la mejor soluci\u00f3n, sin compromiso. Tus datos est\u00e1n seguros con nosotros.<\/p>\t\t\t\t\t\t\t\t<\/div>\n\t\t\t\t<div class=\"vamtam-has-theme-widget-styles elementor-element elementor-element-a7f98c4 elementor-widget__width-inherit elementor-button-align-stretch elementor-widget elementor-widget-form\" data-id=\"a7f98c4\" data-element_type=\"widget\" data-settings=\"{&quot;step_next_label&quot;:&quot;Siguiente&quot;,&quot;step_previous_label&quot;:&quot;Anterior&quot;,&quot;button_width&quot;:&quot;100&quot;,&quot;step_type&quot;:&quot;number_text&quot;,&quot;step_icon_shape&quot;:&quot;circle&quot;}\" data-widget_type=\"form.default\">\n\t\t\t\t\t\t\t<form class=\"elementor-form\" method=\"post\" name=\"Formulario de la p\u00e1gina de contacto\" aria-label=\"Formulario de la p\u00e1gina de contacto\">\n\t\t\t<input type=\"hidden\" name=\"post_id\" value=\"989331\"\/>\n\t\t\t<input type=\"hidden\" name=\"form_id\" value=\"a7f98c4\"\/>\n\t\t\t<input type=\"hidden\" name=\"referer_title\" value=\"\" \/>\n\n\t\t\t\n\t\t\t<div class=\"elementor-form-fields-wrapper elementor-labels-above\">\n\t\t\t\t\t\t\t\t<div class=\"elementor-field-type-step elementor-field-group elementor-column elementor-field-group-field_7088cd0 elementor-col-100\">\n\t\t\t\t\t\t\t<div class=\"e-field-step elementor-hidden\" data-label=\"Informaci\u00f3n de contacto\" data-previousButton=\"\" data-nextButton=\"\" data-iconUrl=\"\" data-iconLibrary=\"fas fa-star\" data-icon=\"&lt;svg class=&quot;e-font-icon-svg e-fas-star&quot; viewBox=&quot;0 0 576 512&quot; xmlns=&quot;http:\/\/www.w3.org\/2000\/svg&quot;&gt;&lt;path d=&quot;M259.3 17.8L194 150.2 47.9 171.5c-26.2 3.8-36.7 36.1-17.7 54.6l105.7 103-25 145.5c-4.5 26.3 23.2 46 46.4 33.7L288 439.6l130.7 68.7c23.2 12.2 50.9-7.4 46.4-33.7l-25-145.5 105.7-103c19-18.5 8.5-50.8-17.7-54.6L382 150.2 316.7 17.8c-11.7-23.6-45.6-23.9-57.4 0z&quot;&gt;&lt;\/path&gt;&lt;\/svg&gt;\" ><\/div>\n\n\t\t\t\t\t\t<\/div>\n\t\t\t\t\t\t\t\t<div class=\"elementor-field-type-text elementor-field-group elementor-column elementor-field-group-field_1f3c5db elementor-col-50 elementor-field-required elementor-mark-required\">\n\t\t\t\t\t\t\t\t\t\t\t\t<label for=\"form-field-field_1f3c5db\" class=\"elementor-field-label\">\n\t\t\t\t\t\t\t\tNombre\t\t\t\t\t\t\t<\/label>\n\t\t\t\t\t\t\t\t\t\t\t\t\t\t<input size=\"1\" type=\"text\" name=\"form_fields[field_1f3c5db]\" id=\"form-field-field_1f3c5db\" class=\"elementor-field elementor-size-sm  elementor-field-textual\" required=\"required\">\n\t\t\t\t\t\t\t\t\t\t\t<\/div>\n\t\t\t\t\t\t\t\t<div class=\"elementor-field-type-text elementor-field-group elementor-column elementor-field-group-name elementor-col-50 elementor-field-required elementor-mark-required\">\n\t\t\t\t\t\t\t\t\t\t\t\t<label for=\"form-field-name\" class=\"elementor-field-label\">\n\t\t\t\t\t\t\t\tApellidos\t\t\t\t\t\t\t<\/label>\n\t\t\t\t\t\t\t\t\t\t\t\t\t\t<input size=\"1\" type=\"text\" name=\"form_fields[name]\" id=\"form-field-name\" class=\"elementor-field elementor-size-sm  elementor-field-textual\" required=\"required\">\n\t\t\t\t\t\t\t\t\t\t\t<\/div>\n\t\t\t\t\t\t\t\t<div class=\"elementor-field-type-text elementor-field-group elementor-column elementor-field-group-message elementor-col-50 elementor-field-required elementor-mark-required\">\n\t\t\t\t\t\t\t\t\t\t\t\t<label for=\"form-field-message\" class=\"elementor-field-label\">\n\t\t\t\t\t\t\t\tPuesto\t\t\t\t\t\t\t<\/label>\n\t\t\t\t\t\t\t\t\t\t\t\t\t\t<input size=\"1\" type=\"text\" name=\"form_fields[message]\" id=\"form-field-message\" class=\"elementor-field elementor-size-sm  elementor-field-textual\" required=\"required\">\n\t\t\t\t\t\t\t\t\t\t\t<\/div>\n\t\t\t\t\t\t\t\t<div class=\"elementor-field-type-tel elementor-field-group elementor-column elementor-field-group-field_14534e9 elementor-col-50 elementor-field-required elementor-mark-required\">\n\t\t\t\t\t\t\t\t\t\t\t\t<label for=\"form-field-field_14534e9\" class=\"elementor-field-label\">\n\t\t\t\t\t\t\t\tTel\u00e9fono\t\t\t\t\t\t\t<\/label>\n\t\t\t\t\t\t\t\t<input size=\"1\" type=\"tel\" name=\"form_fields[field_14534e9]\" id=\"form-field-field_14534e9\" class=\"elementor-field elementor-size-sm  elementor-field-textual\" placeholder=\"Tel\u00e9fono y c\u00f3digo de pa\u00eds\" required=\"required\" pattern=\"[0-9()#&amp;+*-=.]+\" title=\"Solo se aceptan n\u00fameros y caracteres de tel\u00e9fono (#,-,*,etc).\">\n\n\t\t\t\t\t\t<\/div>\n\t\t\t\t\t\t\t\t<div class=\"elementor-field-type-email elementor-field-group elementor-column elementor-field-group-field_7d17e0a elementor-col-100 elementor-field-required elementor-mark-required\">\n\t\t\t\t\t\t\t\t\t\t\t\t<label for=\"form-field-field_7d17e0a\" class=\"elementor-field-label\">\n\t\t\t\t\t\t\t\tEnv\u00eda un correo electr\u00f3nico a\t\t\t\t\t\t\t<\/label>\n\t\t\t\t\t\t\t\t\t\t\t\t\t\t<input size=\"1\" type=\"email\" name=\"form_fields[field_7d17e0a]\" id=\"form-field-field_7d17e0a\" class=\"elementor-field elementor-size-sm  elementor-field-textual\" required=\"required\">\n\t\t\t\t\t\t\t\t\t\t\t<\/div>\n\t\t\t\t\t\t\t\t<div class=\"elementor-field-type-checkbox elementor-field-group elementor-column elementor-field-group-field_c271f0b elementor-col-100\">\n\t\t\t\t\t\t\t\t\t\t\t\t<label for=\"form-field-field_c271f0b\" class=\"elementor-field-label\">\n\t\t\t\t\t\t\t\tLenguas que podemos utilizar para contactar contigo\t\t\t\t\t\t\t<\/label>\n\t\t\t\t\t\t<div class=\"elementor-field-subgroup  \"><span class=\"elementor-field-option\"><input type=\"checkbox\" value=\"Ingl\u00e9s\" id=\"form-field-field_c271f0b-0\" name=\"form_fields[field_c271f0b][]\"> <label for=\"form-field-field_c271f0b-0\">Ingl\u00e9s<\/label><\/span><span class=\"elementor-field-option\"><input type=\"checkbox\" value=\"Espa\u00f1ol\" id=\"form-field-field_c271f0b-1\" name=\"form_fields[field_c271f0b][]\"> <label for=\"form-field-field_c271f0b-1\">Espa\u00f1ol<\/label><\/span><\/div>\t\t\t\t<\/div>\n\t\t\t\t\t\t\t\t<div class=\"elementor-field-type-text elementor-field-group elementor-column elementor-field-group-field_d2bc8a1 elementor-col-100 elementor-field-required elementor-mark-required\">\n\t\t\t\t\t\t\t\t\t\t\t\t<label for=\"form-field-field_d2bc8a1\" class=\"elementor-field-label\">\n\t\t\t\t\t\t\t\tNombre de la empresa\t\t\t\t\t\t\t<\/label>\n\t\t\t\t\t\t\t\t\t\t\t\t\t\t<input size=\"1\" type=\"text\" name=\"form_fields[field_d2bc8a1]\" id=\"form-field-field_d2bc8a1\" class=\"elementor-field elementor-size-sm  elementor-field-textual\" required=\"required\">\n\t\t\t\t\t\t\t\t\t\t\t<\/div>\n\t\t\t\t\t\t\t\t<div class=\"elementor-field-type-select elementor-field-group elementor-column elementor-field-group-field_524cd56 elementor-col-100 elementor-field-required elementor-mark-required\">\n\t\t\t\t\t\t\t\t\t\t\t\t<label for=\"form-field-field_524cd56\" class=\"elementor-field-label\">\n\t\t\t\t\t\t\t\tSector empresarial\t\t\t\t\t\t\t<\/label>\n\t\t\t\t\t\t\t\t<div class=\"elementor-field elementor-select-wrapper remove-before \">\n\t\t\t<div class=\"select-caret-down-wrapper\">\n\t\t\t\t<svg aria-hidden=\"true\" class=\"e-font-icon-svg e-eicon-caret-down\" viewBox=\"0 0 571.4 571.4\" xmlns=\"http:\/\/www.w3.org\/2000\/svg\"><path d=\"M571 393Q571 407 561 418L311 668Q300 679 286 679T261 668L11 418Q0 407 0 393T11 368 36 357H536Q550 357 561 368T571 393Z\"><\/path><\/svg>\t\t\t<\/div>\n\t\t\t<select name=\"form_fields[field_524cd56]\" id=\"form-field-field_524cd56\" class=\"elementor-field-textual elementor-size-sm\" required=\"required\">\n\t\t\t\t\t\t\t\t\t<option value=\"Educaci\u00f3n (Academias, Cursos Online)\">Educaci\u00f3n (Academias, Cursos Online)<\/option>\n\t\t\t\t\t\t\t\t\t<option value=\"Tecnolog\u00eda (Software, Apps, SaaS)\">Tecnolog\u00eda (Software, Apps, SaaS)<\/option>\n\t\t\t\t\t\t\t\t\t<option value=\"Inmobiliaria\">Inmobiliaria<\/option>\n\t\t\t\t\t\t\t\t\t<option value=\"Comercio Electr\u00f3nico\">Comercio Electr\u00f3nico<\/option>\n\t\t\t\t\t\t\t\t\t<option value=\"Salud y Bienestar\">Salud y Bienestar<\/option>\n\t\t\t\t\t\t\t\t\t<option value=\"Finanzas y Seguros\">Finanzas y Seguros<\/option>\n\t\t\t\t\t\t\t\t\t<option value=\"Viajes y Hosteler\u00eda\">Viajes y Hosteler\u00eda<\/option>\n\t\t\t\t\t\t\t\t\t<option value=\"Comercio Minorista y Bienes de Consumo\">Comercio Minorista y Bienes de Consumo<\/option>\n\t\t\t\t\t\t\t\t\t<option value=\"Servicios Profesionales (Consultor\u00eda, Jur\u00eddico, etc.)\">Servicios Profesionales (Consultor\u00eda, Jur\u00eddico, etc.)<\/option>\n\t\t\t\t\t\t\t\t\t<option value=\"Construcci\u00f3n y Arquitectura\">Construcci\u00f3n y Arquitectura<\/option>\n\t\t\t\t\t\t\t<\/select>\n\t\t<\/div>\n\t\t\t\t\t\t<\/div>\n\t\t\t\t\t\t\t\t<div class=\"elementor-field-type-text elementor-field-group elementor-column elementor-field-group-field_3c6ebbe elementor-col-100 elementor-field-required elementor-mark-required\">\n\t\t\t\t\t\t\t\t\t\t\t\t<label for=\"form-field-field_3c6ebbe\" class=\"elementor-field-label\">\n\t\t\t\t\t\t\t\tP\u00e1gina web de la empresa o redes sociales\t\t\t\t\t\t\t<\/label>\n\t\t\t\t\t\t\t\t\t\t\t\t\t\t<input size=\"1\" type=\"text\" name=\"form_fields[field_3c6ebbe]\" id=\"form-field-field_3c6ebbe\" class=\"elementor-field elementor-size-sm  elementor-field-textual\" placeholder=\"www.mybusiness.com  \" required=\"required\">\n\t\t\t\t\t\t\t\t\t\t\t<\/div>\n\t\t\t\t\t\t\t\t<div class=\"elementor-field-type-step elementor-field-group elementor-column elementor-field-group-field_253e123 elementor-col-100\">\n\t\t\t\t\t\t\t<div class=\"e-field-step elementor-hidden\" data-label=\"Servicios de Informaci\u00f3n\" data-previousButton=\"\" data-nextButton=\"\" data-iconUrl=\"\" data-iconLibrary=\"fas fa-star\" data-icon=\"&lt;svg class=&quot;e-font-icon-svg e-fas-star&quot; viewBox=&quot;0 0 576 512&quot; xmlns=&quot;http:\/\/www.w3.org\/2000\/svg&quot;&gt;&lt;path d=&quot;M259.3 17.8L194 150.2 47.9 171.5c-26.2 3.8-36.7 36.1-17.7 54.6l105.7 103-25 145.5c-4.5 26.3 23.2 46 46.4 33.7L288 439.6l130.7 68.7c23.2 12.2 50.9-7.4 46.4-33.7l-25-145.5 105.7-103c19-18.5 8.5-50.8-17.7-54.6L382 150.2 316.7 17.8c-11.7-23.6-45.6-23.9-57.4 0z&quot;&gt;&lt;\/path&gt;&lt;\/svg&gt;\" ><\/div>\n\n\t\t\t\t\t\t<\/div>\n\t\t\t\t\t\t\t\t<div class=\"elementor-field-type-select elementor-field-group elementor-column elementor-field-group-email elementor-col-100 elementor-field-required elementor-mark-required\">\n\t\t\t\t\t\t\t\t\t\t\t\t<label for=\"form-field-email\" class=\"elementor-field-label\">\n\t\t\t\t\t\t\t\tServicios\t\t\t\t\t\t\t<\/label>\n\t\t\t\t\t\t\t\t<div class=\"elementor-field elementor-select-wrapper remove-before \">\n\t\t\t<div class=\"select-caret-down-wrapper\">\n\t\t\t\t<svg aria-hidden=\"true\" class=\"e-font-icon-svg e-eicon-caret-down\" viewBox=\"0 0 571.4 571.4\" xmlns=\"http:\/\/www.w3.org\/2000\/svg\"><path d=\"M571 393Q571 407 561 418L311 668Q300 679 286 679T261 668L11 418Q0 407 0 393T11 368 36 357H536Q550 357 561 368T571 393Z\"><\/path><\/svg>\t\t\t<\/div>\n\t\t\t<select name=\"form_fields[email]\" id=\"form-field-email\" class=\"elementor-field-textual elementor-size-sm\" required=\"required\">\n\t\t\t\t\t\t\t\t\t<option value=\"Gesti\u00f3n de anuncios de pago (Meta y Google)\">Gesti\u00f3n de anuncios de pago (Meta y Google)<\/option>\n\t\t\t\t\t\t\t\t\t<option value=\"Estrategia de marketing digital\">Estrategia de marketing digital<\/option>\n\t\t\t\t\t\t\t\t\t<option value=\"Gesti\u00f3n de contenido org\u00e1nico y redes sociales\">Gesti\u00f3n de contenido org\u00e1nico y redes sociales<\/option>\n\t\t\t\t\t\t\t\t\t<option value=\"An\u00e1lisis y optimizaci\u00f3n de campa\u00f1as\">An\u00e1lisis y optimizaci\u00f3n de campa\u00f1as<\/option>\n\t\t\t\t\t\t\t\t\t<option value=\"Consultor\u00eda de marketing y an\u00e1lisis de datos\">Consultor\u00eda de marketing y an\u00e1lisis de datos<\/option>\n\t\t\t\t\t\t\t\t\t<option value=\"Automatizaci\u00f3n del marketing y remarketing\">Automatizaci\u00f3n del marketing y remarketing<\/option>\n\t\t\t\t\t\t\t\t\t<option value=\"Formaci\u00f3n y apoyo estrat\u00e9gicos\">Formaci\u00f3n y apoyo estrat\u00e9gicos<\/option>\n\t\t\t\t\t\t\t\t\t<option value=\"Creaci\u00f3n de contenido visual \">Creaci\u00f3n de contenido visual <\/option>\n\t\t\t\t\t\t\t\t\t<option value=\"Desarrollo de marca e identidad\">Desarrollo de marca e identidad<\/option>\n\t\t\t\t\t\t\t\t\t<option value=\"Dise\u00f1o de p\u00e1ginas de destino y sitios web\">Dise\u00f1o de p\u00e1ginas de destino y sitios web<\/option>\n\t\t\t\t\t\t\t<\/select>\n\t\t<\/div>\n\t\t\t\t\t\t<\/div>\n\t\t\t\t\t\t\t\t<div class=\"elementor-field-type-number elementor-field-group elementor-column elementor-field-group-field_31a187d elementor-col-50 elementor-field-required elementor-mark-required\">\n\t\t\t\t\t\t\t\t\t\t\t\t<label for=\"form-field-field_31a187d\" class=\"elementor-field-label\">\n\t\t\t\t\t\t\t\tPresupuesto estimado\t\t\t\t\t\t\t<\/label>\n\t\t\t\t\t\t\t\t\t<input type=\"number\" name=\"form_fields[field_31a187d]\" id=\"form-field-field_31a187d\" class=\"elementor-field elementor-size-sm  elementor-field-textual\" placeholder=\"$\" required=\"required\" min=\"\" max=\"\" >\n\t\t\t\t\t\t<\/div>\n\t\t\t\t\t\t\t\t<div class=\"elementor-field-type-date elementor-field-group elementor-column elementor-field-group-field_6b8ab83 elementor-col-50 elementor-field-required elementor-mark-required\">\n\t\t\t\t\t\t\t\t\t\t\t\t<label for=\"form-field-field_6b8ab83\" class=\"elementor-field-label\">\n\t\t\t\t\t\t\t\tFecha estimada de inicio\t\t\t\t\t\t\t<\/label>\n\t\t\t\t\t\t\n\t\t<input type=\"date\" name=\"form_fields[field_6b8ab83]\" id=\"form-field-field_6b8ab83\" class=\"elementor-field elementor-size-sm  elementor-field-textual elementor-date-field\" placeholder=\"Selecciona la fecha\" required=\"required\" pattern=\"[0-9]{4}-[0-9]{2}-[0-9]{2}\" min=\"2025-08-15\">\n\t\t\t\t\t\t<\/div>\n\t\t\t\t\t\t\t\t<div class=\"elementor-field-type-textarea elementor-field-group elementor-column elementor-field-group-field_d30531c elementor-col-100 elementor-field-required elementor-mark-required\">\n\t\t\t\t\t\t\t\t\t\t\t\t<label for=\"form-field-field_d30531c\" class=\"elementor-field-label\">\n\t\t\t\t\t\t\t\tMensaje\t\t\t\t\t\t\t<\/label>\n\t\t\t\t\t\t<textarea class=\"elementor-field-textual elementor-field  elementor-size-sm\" name=\"form_fields[field_d30531c]\" id=\"form-field-field_d30531c\" rows=\"4\" placeholder=\"H\u00e1blanos de tu empresa y de la situaci\u00f3n para la que solicitas nuestra ayuda\" required=\"required\"><\/textarea>\t\t\t\t<\/div>\n\t\t\t\t\t\t\t\t<div class=\"elementor-field-type-select elementor-field-group elementor-column elementor-field-group-field_07a46c3 elementor-col-100 elementor-field-required elementor-mark-required\">\n\t\t\t\t\t\t\t\t\t\t\t\t<label for=\"form-field-field_07a46c3\" class=\"elementor-field-label\">\n\t\t\t\t\t\t\t\t\u00bfC\u00f3mo nos conociste?\t\t\t\t\t\t\t<\/label>\n\t\t\t\t\t\t\t\t<div class=\"elementor-field elementor-select-wrapper remove-before \">\n\t\t\t<div class=\"select-caret-down-wrapper\">\n\t\t\t\t<svg aria-hidden=\"true\" class=\"e-font-icon-svg e-eicon-caret-down\" viewBox=\"0 0 571.4 571.4\" xmlns=\"http:\/\/www.w3.org\/2000\/svg\"><path d=\"M571 393Q571 407 561 418L311 668Q300 679 286 679T261 668L11 418Q0 407 0 393T11 368 36 357H536Q550 357 561 368T571 393Z\"><\/path><\/svg>\t\t\t<\/div>\n\t\t\t<select name=\"form_fields[field_07a46c3]\" id=\"form-field-field_07a46c3\" class=\"elementor-field-textual elementor-size-sm\" required=\"required\">\n\t\t\t\t\t\t\t\t\t<option value=\"Google \/ B\u00fasqueda en Internet\">Google \/ B\u00fasqueda en Internet<\/option>\n\t\t\t\t\t\t\t\t\t<option value=\"Facebook\">Facebook<\/option>\n\t\t\t\t\t\t\t\t\t<option value=\"Instagram\">Instagram<\/option>\n\t\t\t\t\t\t\t\t\t<option value=\"LinkedIn\">LinkedIn<\/option>\n\t\t\t\t\t\t\t\t\t<option value=\"TikTok\">TikTok<\/option>\n\t\t\t\t\t\t\t\t\t<option value=\"Correo electr\u00f3nico\">Correo electr\u00f3nico<\/option>\n\t\t\t\t\t\t\t\t\t<option value=\"Llamada telef\u00f3nica\">Llamada telef\u00f3nica<\/option>\n\t\t\t\t\t\t\t\t\t<option value=\"Referencia \/ Recomendaci\u00f3n\">Referencia \/ Recomendaci\u00f3n<\/option>\n\t\t\t\t\t\t\t\t\t<option value=\"Evento o feria comercial\">Evento o feria comercial<\/option>\n\t\t\t\t\t\t\t\t\t<option value=\"Otro\">Otro<\/option>\n\t\t\t\t\t\t\t<\/select>\n\t\t<\/div>\n\t\t\t\t\t\t<\/div>\n\t\t\t\t\t\t\t\t<div class=\"elementor-field-type-recaptcha_v3 elementor-field-group elementor-column elementor-field-group-field_9742b92 elementor-col-100 recaptcha_v3-inline\">\n\t\t\t\t\t<div class=\"elementor-field\" id=\"form-field-field_9742b92\"><div class=\"elementor-g-recaptcha\" data-sitekey=\"6Ld2Xj0rAAAAAOsn-ynfBM4CqXXs6Qw_xKXpqeqd\" data-type=\"v3\" data-action=\"Form\" data-badge=\"inline\" data-size=\"invisible\"><\/div><\/div>\t\t\t\t<\/div>\n\t\t\t\t\t\t\t\t<div class=\"elementor-field-group elementor-column elementor-field-type-submit elementor-col-100 e-form__buttons\">\n\t\t\t\t\t<button class=\"elementor-button elementor-size-sm\" type=\"submit\">\n\t\t\t\t\t\t<span class=\"elementor-button-content-wrapper\">\n\t\t\t\t\t\t\t\t\t\t\t\t\t\t\t<span class=\"elementor-button-icon\">\n\t\t\t\t\t\t\t\t\t<i aria-hidden=\"true\" class=\"vamtamtheme- vamtam-theme-arrow\"><\/i>\t\t\t\t\t\t\t\t\t\t\t\t\t\t\t\t\t<\/span>\n\t\t\t\t\t\t\t\t\t\t\t\t\t\t\t\t\t\t\t\t\t\t<span class=\"elementor-button-text\">Env\u00eda<\/span>\n\t\t\t\t\t\t\t\t\t\t\t\t\t<\/span>\n\t\t\t\t\t<\/button>\n\t\t\t\t<\/div>\n\t\t\t<\/div>\n\t\t<\/form>\n\t\t\t\t\t\t<\/div>\n\t\t\t\t<\/div>\n\t\t<div class=\"elementor-element elementor-element-7574dc9 e-con-full e-flex e-con e-child\" data-id=\"7574dc9\" data-element_type=\"container\">\n\t\t<div class=\"elementor-element elementor-element-a948fef e-con-full e-flex e-con e-child\" data-id=\"a948fef\" data-element_type=\"container\">\n\t\t\t\t<div class=\"vamtam-has-theme-widget-styles elementor-element elementor-element-c5bebe3 elementor-widget__width-inherit elementor-widget elementor-widget-heading\" data-id=\"c5bebe3\" data-element_type=\"widget\" data-widget_type=\"heading.default\">\n\t\t\t\t\t<h4 class=\"elementor-heading-title elementor-size-default\">Deluxe Media Services LLC<\/h4>\t\t\t\t<\/div>\n\t\t\t\t<div class=\"vamtam-has-theme-widget-styles elementor-element elementor-element-9a24f7e elementor-widget elementor-widget-heading\" data-id=\"9a24f7e\" data-element_type=\"widget\" data-widget_type=\"heading.default\">\n\t\t\t\t\t<span class=\"elementor-heading-title elementor-size-default\">Estados Unidos y Guatemala<\/span>\t\t\t\t<\/div>\n\t\t<div class=\"elementor-element elementor-element-1f4b468 e-con-full e-flex e-con e-child\" data-id=\"1f4b468\" data-element_type=\"container\">\n\t\t\t\t<div class=\"vamtam-has-theme-widget-styles elementor-element elementor-element-6d0fcdd elementor-widget elementor-widget-heading\" data-id=\"6d0fcdd\" data-element_type=\"widget\" data-widget_type=\"heading.default\">\n\t\t\t\t\t<span class=\"elementor-heading-title elementor-size-default\"><a href=\"tel:+1%20(682)%20372-7387\">+1 (682) 372-7387<\/a><\/span>\t\t\t\t<\/div>\n\t\t\t\t<div class=\"elementor-element elementor-element-c841cf7 elementor-view-default elementor-widget elementor-widget-icon\" data-id=\"c841cf7\" data-element_type=\"widget\" data-widget_type=\"icon.default\">\n\t\t\t\t\t\t\t<div class=\"elementor-icon-wrapper\">\n\t\t\t<div class=\"elementor-icon\">\n\t\t\t<i aria-hidden=\"true\" class=\"vamtamtheme- vamtam-theme-long-dash\"><\/i>\t\t\t<\/div>\n\t\t<\/div>\n\t\t\t\t\t\t<\/div>\n\t\t\t\t<div class=\"vamtam-has-theme-widget-styles elementor-element elementor-element-fce526b elementor-widget elementor-widget-heading\" data-id=\"fce526b\" data-element_type=\"widget\" data-widget_type=\"heading.default\">\n\t\t\t\t\t<span class=\"elementor-heading-title elementor-size-default\"><a href=\"mailto:%20info@deluxemediaservices.com\">info@deluxemediaservices.com<\/a><\/span>\t\t\t\t<\/div>\n\t\t\t\t<\/div>\n\t\t\t\t<div class=\"elementor-element elementor-element-0665b66 elementor-widget elementor-widget-spacer\" data-id=\"0665b66\" data-element_type=\"widget\" data-widget_type=\"spacer.default\">\n\t\t\t\t\t\t\t<div class=\"elementor-spacer\">\n\t\t\t<div class=\"elementor-spacer-inner\"><\/div>\n\t\t<\/div>\n\t\t\t\t\t\t<\/div>\n\t\t\t\t<div class=\"vamtam-has-theme-widget-styles elementor-element elementor-element-16a00dd elementor-widget__width-inherit elementor-widget elementor-widget-heading\" data-id=\"16a00dd\" data-element_type=\"widget\" data-widget_type=\"heading.default\">\n\t\t\t\t\t<h4 class=\"elementor-heading-title elementor-size-default\">Empleo<\/h4>\t\t\t\t<\/div>\n\t\t\t\t<div class=\"elementor-element elementor-element-b63e614 elementor-widget elementor-widget-text-editor\" data-id=\"b63e614\" data-element_type=\"widget\" data-widget_type=\"text-editor.default\">\n\t\t\t\t\t\t\t\t\t<p>Deluxe Media Services LLC siempre est\u00e1 buscando personas excelentes con ganas de crecer. Si crees que eres el candidato ideal, tenemos un puesto para ti. <\/p>\t\t\t\t\t\t\t\t<\/div>\n\t\t\t\t<div class=\"vamtam-has-theme-widget-styles elementor-element elementor-element-473dffc elementor-widget__width-inherit elementor-widget elementor-widget-heading\" data-id=\"473dffc\" data-element_type=\"widget\" data-widget_type=\"heading.default\">\n\t\t\t\t\t<span class=\"elementor-heading-title elementor-size-default\"><a href=\"mailto:%20info@deluxemediaservices.com\">info@deluxemediaservices.com<\/a><\/span>\t\t\t\t<\/div>\n\t\t\t\t<\/div>\n\t\t\t\t<\/div>\n\t\t\t\t\t<\/div>\n\t\t\t\t<\/div>\n\t\t\t\t<\/div>\n\t\t","protected":false},"excerpt":{"rendered":"<p>Construyamos algo grande<\/p>\n","protected":false},"author":1,"featured_media":0,"parent":0,"menu_order":0,"comment_status":"closed","ping_status":"closed","template":"","meta":{"footnotes":""},"class_list":["post-989331","page","type-page","status-publish","hentry"],"_links":{"self":[{"href":"https:\/\/deluxemediaservices.com\/es\/wp-json\/wp\/v2\/pages\/989331","targetHints":{"allow":["GET"]}}],"collection":[{"href":"https:\/\/deluxemediaservices.com\/es\/wp-json\/wp\/v2\/pages"}],"about":[{"href":"https:\/\/deluxemediaservices.com\/es\/wp-json\/wp\/v2\/types\/page"}],"author":[{"embeddable":true,"href":"https:\/\/deluxemediaservices.com\/es\/wp-json\/wp\/v2\/users\/1"}],"replies":[{"embeddable":true,"href":"https:\/\/deluxemediaservices.com\/es\/wp-json\/wp\/v2\/comments?post=989331"}],"version-history":[{"count":32,"href":"https:\/\/deluxemediaservices.com\/es\/wp-json\/wp\/v2\/pages\/989331\/revisions"}],"predecessor-version":[{"id":990566,"href":"https:\/\/deluxemediaservices.com\/es\/wp-json\/wp\/v2\/pages\/989331\/revisions\/990566"}],"wp:attachment":[{"href":"https:\/\/deluxemediaservices.com\/es\/wp-json\/wp\/v2\/media?parent=989331"}],"curies":[{"name":"wp","href":"https:\/\/api.w.org\/{rel}","templated":true}]}}