{"id":989781,"date":"2025-08-18T13:50:43","date_gmt":"2025-08-18T19:50:43","guid":{"rendered":"https:\/\/deluxemediaservices.com\/portafolio\/"},"modified":"2025-08-19T00:15:52","modified_gmt":"2025-08-19T06:15:52","slug":"portafolio","status":"publish","type":"page","link":"https:\/\/deluxemediaservices.com\/es\/portafolio\/","title":{"rendered":"Portafolio"},"content":{"rendered":"\t\t<div data-elementor-type=\"wp-page\" data-elementor-id=\"989781\" class=\"elementor elementor-989781 elementor-989705\" data-elementor-post-type=\"page\">\n\t\t\t\t<div class=\"elementor-element elementor-element-3100d8dc e-con-full e-flex elementor-invisible e-con e-parent\" data-id=\"3100d8dc\" data-element_type=\"container\" data-settings=\"{&quot;animation&quot;:&quot;fadeIn&quot;}\">\n\t\t<div class=\"elementor-element elementor-element-40be803c e-con-full e-flex e-con e-child\" data-id=\"40be803c\" data-element_type=\"container\">\n\t\t\t\t<div class=\"elementor-element elementor-element-71ed279b elementor-widget elementor-widget-image\" data-id=\"71ed279b\" data-element_type=\"widget\" data-widget_type=\"image.default\">\n\t\t\t\t\t\t\t\t\t\t\t\t\t\t\t<img fetchpriority=\"high\" decoding=\"async\" width=\"1024\" height=\"576\" src=\"https:\/\/deluxemediaservices.com\/wp-content\/uploads\/2025\/08\/Global-GT-Portada-Blog-1024x576.png\" class=\"attachment-large size-large wp-image-989801\" alt=\"\" srcset=\"https:\/\/deluxemediaservices.com\/wp-content\/uploads\/2025\/08\/Global-GT-Portada-Blog-1024x576.png 1024w, https:\/\/deluxemediaservices.com\/wp-content\/uploads\/2025\/08\/Global-GT-Portada-Blog-300x169.png 300w, https:\/\/deluxemediaservices.com\/wp-content\/uploads\/2025\/08\/Global-GT-Portada-Blog-768x432.png 768w, https:\/\/deluxemediaservices.com\/wp-content\/uploads\/2025\/08\/Global-GT-Portada-Blog-1536x864.png 1536w, https:\/\/deluxemediaservices.com\/wp-content\/uploads\/2025\/08\/Global-GT-Portada-Blog.png 1920w\" sizes=\"(max-width: 1024px) 100vw, 1024px\" \/>\t\t\t\t\t\t\t\t\t\t\t\t\t\t\t<\/div>\n\t\t\t\t<\/div>\n\t\t<div class=\"elementor-element elementor-element-669fdba9 e-con-full e-flex e-con e-child\" data-id=\"669fdba9\" data-element_type=\"container\">\n\t\t\t\t<div class=\"vamtam-has-theme-widget-styles elementor-element elementor-element-754a45b elementor-widget elementor-widget-heading\" data-id=\"754a45b\" data-element_type=\"widget\" data-widget_type=\"heading.default\">\n\t\t\t\t\t<h3 class=\"elementor-heading-title elementor-size-default\">GLOBAL GT, S.A. Comercio electr\u00f3nico<\/h3>\t\t\t\t<\/div>\n\t\t\t\t<div class=\"elementor-element elementor-element-fd24b5c elementor-widget elementor-widget-text-editor\" data-id=\"fd24b5c\" data-element_type=\"widget\" data-widget_type=\"text-editor.default\">\n\t\t\t\t\t\t\t\t\t<p class=\"p1\">Una marca construida para inspirar confianza en un nuevo mercado digital, fusionando dise\u00f1o, tecnolog\u00eda y estrategia basada en datos para crear una experiencia de compra sin fisuras e impulsar un crecimiento sostenible.<i><\/i><\/p>\t\t\t\t\t\t\t\t<\/div>\n\t\t\t\t<div class=\"vamtam-has-theme-widget-styles elementor-element elementor-element-3e2ad88 elementor-align-left elementor-widget elementor-widget-button\" data-id=\"3e2ad88\" data-element_type=\"widget\" data-widget_type=\"button.default\">\n\t\t\t\t\t\t\t\t\t\t<a class=\"elementor-button elementor-button-link elementor-size-sm\" href=\"https:\/\/deluxemediaservices.com\/es\/global-gt-s-a-ecommerce\/\" target=\"_blank\">\n\t\t\t\t\t\t<span class=\"elementor-button-content-wrapper\">\n\t\t\t\t\t\t<span class=\"elementor-button-icon\">\n\t\t\t\t<i aria-hidden=\"true\" class=\"vamtamtheme- vamtam-theme-arrow-right-top\"><\/i>\t\t\t<\/span>\n\t\t\t\t\t\t\t\t\t<span class=\"elementor-button-text\">Ver proyecto ahora<\/span>\n\t\t\t\t\t<\/span>\n\t\t\t\t\t<\/a>\n\t\t\t\t\t\t\t\t<\/div>\n\t\t\t\t<\/div>\n\t\t\t\t<\/div>\n\t\t<div class=\"elementor-element elementor-element-499db46 e-con-full e-flex elementor-invisible e-con e-parent\" data-id=\"499db46\" data-element_type=\"container\" data-settings=\"{&quot;animation&quot;:&quot;fadeIn&quot;}\">\n\t\t<div class=\"elementor-element elementor-element-53fb880 e-con-full e-flex e-con e-child\" data-id=\"53fb880\" data-element_type=\"container\">\n\t\t\t\t<div class=\"elementor-element elementor-element-750efed elementor-widget elementor-widget-image\" data-id=\"750efed\" data-element_type=\"widget\" data-widget_type=\"image.default\">\n\t\t\t\t\t\t\t\t\t\t\t\t\t\t\t<img decoding=\"async\" width=\"1024\" height=\"576\" src=\"https:\/\/deluxemediaservices.com\/wp-content\/uploads\/2025\/08\/Up-Academy-Portada-Blog-1024x576.png\" class=\"attachment-large size-large wp-image-989807\" alt=\"\" srcset=\"https:\/\/deluxemediaservices.com\/wp-content\/uploads\/2025\/08\/Up-Academy-Portada-Blog-1024x576.png 1024w, https:\/\/deluxemediaservices.com\/wp-content\/uploads\/2025\/08\/Up-Academy-Portada-Blog-300x169.png 300w, https:\/\/deluxemediaservices.com\/wp-content\/uploads\/2025\/08\/Up-Academy-Portada-Blog-768x432.png 768w, https:\/\/deluxemediaservices.com\/wp-content\/uploads\/2025\/08\/Up-Academy-Portada-Blog.png 1920w\" sizes=\"(max-width: 1024px) 100vw, 1024px\" \/>\t\t\t\t\t\t\t\t\t\t\t\t\t\t\t<\/div>\n\t\t\t\t<\/div>\n\t\t<div class=\"elementor-element elementor-element-38d4243 e-con-full e-flex e-con e-child\" data-id=\"38d4243\" data-element_type=\"container\">\n\t\t\t\t<div class=\"vamtam-has-theme-widget-styles elementor-element elementor-element-39a976e elementor-widget elementor-widget-heading\" data-id=\"39a976e\" data-element_type=\"widget\" data-widget_type=\"heading.default\">\n\t\t\t\t\t<h3 class=\"elementor-heading-title elementor-size-default\">UP Academy<\/h3>\t\t\t\t<\/div>\n\t\t\t\t<div class=\"elementor-element elementor-element-6683eec elementor-widget elementor-widget-text-editor\" data-id=\"6683eec\" data-element_type=\"widget\" data-widget_type=\"text-editor.default\">\n\t\t\t\t\t\t\t\t\t<p class=\"p1\">UP Academy ofrece una forma diferente de aprender ingl\u00e9s en Guatemala, combinando estrategia, dise\u00f1o y un enfoque en el crecimiento personal para destacar en un mercado competitivo.<\/p>\t\t\t\t\t\t\t\t<\/div>\n\t\t\t\t<div class=\"vamtam-has-theme-widget-styles elementor-element elementor-element-3b5fd6c elementor-align-left elementor-widget elementor-widget-button\" data-id=\"3b5fd6c\" data-element_type=\"widget\" data-widget_type=\"button.default\">\n\t\t\t\t\t\t\t\t\t\t<a class=\"elementor-button elementor-button-link elementor-size-sm\" href=\"https:\/\/deluxemediaservices.com\/es\/up-academy\/\" target=\"_blank\">\n\t\t\t\t\t\t<span class=\"elementor-button-content-wrapper\">\n\t\t\t\t\t\t<span class=\"elementor-button-icon\">\n\t\t\t\t<i aria-hidden=\"true\" class=\"vamtamtheme- vamtam-theme-arrow-right-top\"><\/i>\t\t\t<\/span>\n\t\t\t\t\t\t\t\t\t<span class=\"elementor-button-text\">Ver proyecto ahora<\/span>\n\t\t\t\t\t<\/span>\n\t\t\t\t\t<\/a>\n\t\t\t\t\t\t\t\t<\/div>\n\t\t\t\t<\/div>\n\t\t\t\t<\/div>\n\t\t<div class=\"elementor-element elementor-element-e45789c e-con-full e-flex elementor-invisible e-con e-parent\" data-id=\"e45789c\" data-element_type=\"container\" data-settings=\"{&quot;animation&quot;:&quot;fadeIn&quot;}\">\n\t\t<div class=\"elementor-element elementor-element-325c253 e-con-full e-flex e-con e-child\" data-id=\"325c253\" data-element_type=\"container\">\n\t\t\t\t<div class=\"elementor-element elementor-element-dfdef01 elementor-widget elementor-widget-image\" data-id=\"dfdef01\" data-element_type=\"widget\" data-widget_type=\"image.default\">\n\t\t\t\t\t\t\t\t\t\t\t\t\t\t\t<img decoding=\"async\" width=\"1024\" height=\"576\" src=\"https:\/\/deluxemediaservices.com\/wp-content\/uploads\/2025\/08\/Makers-Academy-Portada-Blog-1024x576.png\" class=\"attachment-large size-large wp-image-989805\" alt=\"\" srcset=\"https:\/\/deluxemediaservices.com\/wp-content\/uploads\/2025\/08\/Makers-Academy-Portada-Blog-1024x576.png 1024w, https:\/\/deluxemediaservices.com\/wp-content\/uploads\/2025\/08\/Makers-Academy-Portada-Blog-300x169.png 300w, https:\/\/deluxemediaservices.com\/wp-content\/uploads\/2025\/08\/Makers-Academy-Portada-Blog-768x432.png 768w, https:\/\/deluxemediaservices.com\/wp-content\/uploads\/2025\/08\/Makers-Academy-Portada-Blog-1536x864.png 1536w, https:\/\/deluxemediaservices.com\/wp-content\/uploads\/2025\/08\/Makers-Academy-Portada-Blog.png 1920w\" sizes=\"(max-width: 1024px) 100vw, 1024px\" \/>\t\t\t\t\t\t\t\t\t\t\t\t\t\t\t<\/div>\n\t\t\t\t<\/div>\n\t\t<div class=\"elementor-element elementor-element-b83c51d e-con-full e-flex e-con e-child\" data-id=\"b83c51d\" data-element_type=\"container\">\n\t\t\t\t<div class=\"vamtam-has-theme-widget-styles elementor-element elementor-element-7cb6312 elementor-widget elementor-widget-heading\" data-id=\"7cb6312\" data-element_type=\"widget\" data-widget_type=\"heading.default\">\n\t\t\t\t\t<h3 class=\"elementor-heading-title elementor-size-default\">Makers Academy<\/h3>\t\t\t\t<\/div>\n\t\t\t\t<div class=\"elementor-element elementor-element-8c9e1c9 elementor-widget elementor-widget-text-editor\" data-id=\"8c9e1c9\" data-element_type=\"widget\" data-widget_type=\"text-editor.default\">\n\t\t\t\t\t\t\t\t\t<p class=\"p1\">Una plataforma que posiciona el ingl\u00e9s como la herramienta clave para el futuro. Makers Academy comunica claramente su valor: formar a la pr\u00f3xima generaci\u00f3n con visi\u00f3n, confianza y resultados reales. <\/p>\t\t\t\t\t\t\t\t<\/div>\n\t\t\t\t<div class=\"vamtam-has-theme-widget-styles elementor-element elementor-element-122f41c elementor-align-left elementor-widget elementor-widget-button\" data-id=\"122f41c\" data-element_type=\"widget\" data-widget_type=\"button.default\">\n\t\t\t\t\t\t\t\t\t\t<a class=\"elementor-button elementor-button-link elementor-size-sm\" href=\"https:\/\/deluxemediaservices.com\/es\/makers-academy\/\" target=\"_blank\">\n\t\t\t\t\t\t<span class=\"elementor-button-content-wrapper\">\n\t\t\t\t\t\t<span class=\"elementor-button-icon\">\n\t\t\t\t<i aria-hidden=\"true\" class=\"vamtamtheme- vamtam-theme-arrow-right-top\"><\/i>\t\t\t<\/span>\n\t\t\t\t\t\t\t\t\t<span class=\"elementor-button-text\">Ver proyecto ahora<\/span>\n\t\t\t\t\t<\/span>\n\t\t\t\t\t<\/a>\n\t\t\t\t\t\t\t\t<\/div>\n\t\t\t\t<\/div>\n\t\t\t\t<\/div>\n\t\t<div class=\"elementor-element elementor-element-50da180 e-con-full e-flex elementor-invisible e-con e-parent\" data-id=\"50da180\" data-element_type=\"container\" data-settings=\"{&quot;animation&quot;:&quot;fadeIn&quot;}\">\n\t\t<div class=\"elementor-element elementor-element-d676034 e-con-full e-flex e-con e-child\" data-id=\"d676034\" data-element_type=\"container\">\n\t\t\t\t<div class=\"elementor-element elementor-element-4f60839 elementor-widget elementor-widget-image\" data-id=\"4f60839\" data-element_type=\"widget\" data-widget_type=\"image.default\">\n\t\t\t\t\t\t\t\t\t\t\t\t\t\t\t<img loading=\"lazy\" decoding=\"async\" width=\"1024\" height=\"576\" src=\"https:\/\/deluxemediaservices.com\/wp-content\/uploads\/2025\/08\/Josefina-Salazar-Portada-Blog-1024x576.png\" class=\"attachment-large size-large wp-image-989803\" alt=\"\" srcset=\"https:\/\/deluxemediaservices.com\/wp-content\/uploads\/2025\/08\/Josefina-Salazar-Portada-Blog-1024x576.png 1024w, https:\/\/deluxemediaservices.com\/wp-content\/uploads\/2025\/08\/Josefina-Salazar-Portada-Blog-300x169.png 300w, https:\/\/deluxemediaservices.com\/wp-content\/uploads\/2025\/08\/Josefina-Salazar-Portada-Blog-768x432.png 768w, https:\/\/deluxemediaservices.com\/wp-content\/uploads\/2025\/08\/Josefina-Salazar-Portada-Blog-1536x864.png 1536w, https:\/\/deluxemediaservices.com\/wp-content\/uploads\/2025\/08\/Josefina-Salazar-Portada-Blog.png 1920w\" sizes=\"(max-width: 1024px) 100vw, 1024px\" \/>\t\t\t\t\t\t\t\t\t\t\t\t\t\t\t<\/div>\n\t\t\t\t<\/div>\n\t\t<div class=\"elementor-element elementor-element-3b56334 e-con-full e-flex e-con e-child\" data-id=\"3b56334\" data-element_type=\"container\">\n\t\t\t\t<div class=\"vamtam-has-theme-widget-styles elementor-element elementor-element-2a0318b elementor-widget elementor-widget-heading\" data-id=\"2a0318b\" data-element_type=\"widget\" data-widget_type=\"heading.default\">\n\t\t\t\t\t<h3 class=\"elementor-heading-title elementor-size-default\">Josefina Salazar Realtor<\/h3>\t\t\t\t<\/div>\n\t\t\t\t<div class=\"elementor-element elementor-element-92597b0 elementor-widget elementor-widget-text-editor\" data-id=\"92597b0\" data-element_type=\"widget\" data-widget_type=\"text-editor.default\">\n\t\t\t\t\t\t\t\t\t<p class=\"p1\">Una identidad visual que refleja confianza y empat\u00eda, dando a Josefina Salazar una presencia moderna y cercana en el mercado inmobiliario en Estados Unidos . Un dise\u00f1o vers\u00e1til que comunica profesionalidad, calidez y valor duradero.<\/p>\t\t\t\t\t\t\t\t<\/div>\n\t\t\t\t<div class=\"vamtam-has-theme-widget-styles elementor-element elementor-element-be84b60 elementor-align-left elementor-widget elementor-widget-button\" data-id=\"be84b60\" data-element_type=\"widget\" data-widget_type=\"button.default\">\n\t\t\t\t\t\t\t\t\t\t<a class=\"elementor-button elementor-button-link elementor-size-sm\" href=\"https:\/\/deluxemediaservices.com\/es\/josefina-salazar-realtor\/\" target=\"_blank\">\n\t\t\t\t\t\t<span class=\"elementor-button-content-wrapper\">\n\t\t\t\t\t\t<span class=\"elementor-button-icon\">\n\t\t\t\t<i aria-hidden=\"true\" class=\"vamtamtheme- vamtam-theme-arrow-right-top\"><\/i>\t\t\t<\/span>\n\t\t\t\t\t\t\t\t\t<span class=\"elementor-button-text\">Ver proyecto ahora<\/span>\n\t\t\t\t\t<\/span>\n\t\t\t\t\t<\/a>\n\t\t\t\t\t\t\t\t<\/div>\n\t\t\t\t<\/div>\n\t\t\t\t<\/div>\n\t\t\t\t<\/div>\n\t\t","protected":false},"excerpt":{"rendered":"<p>An\u00e1lisis, tendencias y estrategias de marketing digital para obtener resultados reales.<\/p>\n","protected":false},"author":1,"featured_media":0,"parent":0,"menu_order":0,"comment_status":"closed","ping_status":"closed","template":"","meta":{"footnotes":""},"class_list":["post-989781","page","type-page","status-publish","hentry"],"_links":{"self":[{"href":"https:\/\/deluxemediaservices.com\/es\/wp-json\/wp\/v2\/pages\/989781","targetHints":{"allow":["GET"]}}],"collection":[{"href":"https:\/\/deluxemediaservices.com\/es\/wp-json\/wp\/v2\/pages"}],"about":[{"href":"https:\/\/deluxemediaservices.com\/es\/wp-json\/wp\/v2\/types\/page"}],"author":[{"embeddable":true,"href":"https:\/\/deluxemediaservices.com\/es\/wp-json\/wp\/v2\/users\/1"}],"replies":[{"embeddable":true,"href":"https:\/\/deluxemediaservices.com\/es\/wp-json\/wp\/v2\/comments?post=989781"}],"version-history":[{"count":10,"href":"https:\/\/deluxemediaservices.com\/es\/wp-json\/wp\/v2\/pages\/989781\/revisions"}],"predecessor-version":[{"id":989901,"href":"https:\/\/deluxemediaservices.com\/es\/wp-json\/wp\/v2\/pages\/989781\/revisions\/989901"}],"wp:attachment":[{"href":"https:\/\/deluxemediaservices.com\/es\/wp-json\/wp\/v2\/media?parent=989781"}],"curies":[{"name":"wp","href":"https:\/\/api.w.org\/{rel}","templated":true}]}}