{"id":989854,"date":"2025-08-18T15:44:25","date_gmt":"2025-08-18T21:44:25","guid":{"rendered":"https:\/\/deluxemediaservices.com\/politica-de-privacidad\/"},"modified":"2025-08-18T15:53:00","modified_gmt":"2025-08-18T21:53:00","slug":"politica-de-privacidad","status":"publish","type":"page","link":"https:\/\/deluxemediaservices.com\/es\/politica-de-privacidad\/","title":{"rendered":"Pol\u00edtica de privacidad"},"content":{"rendered":"\t\t<div data-elementor-type=\"wp-page\" data-elementor-id=\"989854\" class=\"elementor elementor-989854 elementor-989849\" data-elementor-post-type=\"page\">\n\t\t\t\t<div class=\"elementor-element elementor-element-6501c88 e-flex e-con-boxed e-con e-parent\" data-id=\"6501c88\" data-element_type=\"container\">\n\t\t\t\t\t<div class=\"e-con-inner\">\n\t\t<div class=\"elementor-element elementor-element-dc3e336 e-con-full e-flex e-con e-child\" data-id=\"dc3e336\" data-element_type=\"container\">\n\t\t\t\t<\/div>\n\t\t<div class=\"elementor-element elementor-element-e1cc632 e-con-full e-flex e-con e-child\" data-id=\"e1cc632\" data-element_type=\"container\">\n\t\t\t\t<div class=\"elementor-element elementor-element-0a2db20 elementor-widget elementor-widget-text-editor\" data-id=\"0a2db20\" data-element_type=\"widget\" data-widget_type=\"text-editor.default\">\n\t\t\t\t\t\t\t\t\t<p class=\"p1\">En Deluxe Media Services LLC, respetamos y salvaguardamos la privacidad de todos los visitantes de nuestro sitio web. Los datos recogidos a trav\u00e9s de nuestros formularios incluyen informaci\u00f3n de contacto completa y se utilizan exclusivamente para la comunicaci\u00f3n directa y para proporcionar detalles sobre nuestros servicios. Estos formularios est\u00e1n integrados con Mailchimp dentro de una audiencia dedicada, lo que nos permite crear y gestionar una base de datos para estrategias de marketing por correo electr\u00f3nico de forma segura y responsable.  <\/p><p class=\"p1\">Nuestro sitio web tambi\u00e9n utiliza herramientas de Google y Meta para el an\u00e1lisis y la optimizaci\u00f3n de la experiencia del usuario. Esto implica el uso de cookies y tecnolog\u00edas similares para analizar patrones de navegaci\u00f3n, mejorar el rendimiento del sitio y ofrecer campa\u00f1as publicitarias m\u00e1s relevantes. <\/p><p class=\"p1\">El tratamiento de los datos personales se lleva a cabo de conformidad con las leyes de Estados Unidos y del Estado de Texas, incluidos los principios establecidos en virtud de la <span class=\"s1\"><b>Ley de la Comisi\u00f3n Federal de Comercio (FTC)<\/b><\/span>as\u00ed como las leyes aplicables de protecci\u00f3n del consumidor y de la privacidad, como la <span class=\"s1\"><b>Ley de Protecci\u00f3n de la Privacidad Infantil en Internet (COPPA)<\/b><\/span>cuando proceda. Aunque la legislaci\u00f3n estadounidense no establece un marco federal \u00fanico equivalente al GDPR europeo, nuestra empresa se adhiere a las normas de transparencia, consentimiento informado y uso limitado de la informaci\u00f3n. <\/p><p class=\"p1\">Los usuarios conservan el derecho a solicitar la eliminaci\u00f3n de sus datos de nuestras bases de datos en cualquier momento, en cumplimiento de las obligaciones legales aplicables. Bajo ninguna circunstancia la informaci\u00f3n proporcionada ser\u00e1 vendida o compartida con terceros no relacionados con los fines descritos en esta pol\u00edtica. <\/p><p class=\"p1\">Al utilizar este sitio web, el usuario reconoce y acepta estos t\u00e9rminos y consiente el tratamiento de sus datos de acuerdo con esta Pol\u00edtica de Privacidad y las leyes aplicables de los Estados Unidos y del Estado de Texas.<\/p>\t\t\t\t\t\t\t\t<\/div>\n\t\t\t\t<\/div>\n\t\t\t\t\t<\/div>\n\t\t\t\t<\/div>\n\t\t\t\t<\/div>\n\t\t","protected":false},"excerpt":{"rendered":"<p>Pol\u00edtica de privacidad<\/p>\n","protected":false},"author":1,"featured_media":0,"parent":0,"menu_order":0,"comment_status":"closed","ping_status":"closed","template":"elementor_theme","meta":{"footnotes":""},"class_list":["post-989854","page","type-page","status-publish","hentry"],"_links":{"self":[{"href":"https:\/\/deluxemediaservices.com\/es\/wp-json\/wp\/v2\/pages\/989854","targetHints":{"allow":["GET"]}}],"collection":[{"href":"https:\/\/deluxemediaservices.com\/es\/wp-json\/wp\/v2\/pages"}],"about":[{"href":"https:\/\/deluxemediaservices.com\/es\/wp-json\/wp\/v2\/types\/page"}],"author":[{"embeddable":true,"href":"https:\/\/deluxemediaservices.com\/es\/wp-json\/wp\/v2\/users\/1"}],"replies":[{"embeddable":true,"href":"https:\/\/deluxemediaservices.com\/es\/wp-json\/wp\/v2\/comments?post=989854"}],"version-history":[{"count":1,"href":"https:\/\/deluxemediaservices.com\/es\/wp-json\/wp\/v2\/pages\/989854\/revisions"}],"predecessor-version":[{"id":989855,"href":"https:\/\/deluxemediaservices.com\/es\/wp-json\/wp\/v2\/pages\/989854\/revisions\/989855"}],"wp:attachment":[{"href":"https:\/\/deluxemediaservices.com\/es\/wp-json\/wp\/v2\/media?parent=989854"}],"curies":[{"name":"wp","href":"https:\/\/api.w.org\/{rel}","templated":true}]}}